{"id":9069,"date":"2021-08-26T10:00:27","date_gmt":"2021-08-26T14:00:27","guid":{"rendered":"http:\/\/www.lettragemedia.com\/?page_id=9069"},"modified":"2021-08-30T12:04:37","modified_gmt":"2021-08-30T16:04:37","slug":"camouflage","status":"publish","type":"page","link":"https:\/\/www.lettragemedia.com\/en\/camouflage\/","title":{"rendered":"Camouflage"},"content":{"rendered":"<div id=\"fws_69e3909c41a96\"  data-column-margin=\"default\" data-midnight=\"dark\" data-top-percent=\"5%\" data-bottom-percent=\"5%\"  class=\"wpb_row vc_row-fluid vc_row full-width-section  vc_row-o-equal-height vc_row-flex\"  style=\"padding-top: calc(100vw * 0.05); padding-bottom: calc(100vw * 0.05); \"><div class=\"row-bg-wrap\" data-bg-animation=\"none\" data-bg-overlay=\"false\"><div class=\"inner-wrap\"><div class=\"row-bg\"  style=\"\"><\/div><\/div><\/div><div class=\"row_col_wrap_12 col span_12 dark left\">\n\t<div  class=\"vc_col-sm-6 wpb_column column_container vc_column_container col no-extra-padding inherit_tablet inherit_phone\"  data-padding-pos=\"all\" data-has-bg-color=\"false\" data-bg-color=\"\" data-bg-opacity=\"1\" data-animation=\"\" data-delay=\"0\" >\n\t\t<div class=\"vc_column-inner\" >\n\t\t\t<div class=\"wpb_wrapper\">\n\t\t\t\t<div id=\"fws_69e3909c44dbe\" data-midnight=\"\" data-column-margin=\"default\" class=\"wpb_row vc_row-fluid vc_row inner_row\"  style=\"\"><div class=\"row-bg-wrap\"> <div class=\"row-bg\" ><\/div> <\/div><div class=\"row_col_wrap_12_inner col span_12  left\">\n\t<div  class=\"vc_col-sm-12 wpb_column column_container vc_column_container col child_column has-animation no-extra-padding inherit_tablet inherit_phone\"   data-padding-pos=\"all\" data-has-bg-color=\"false\" data-bg-color=\"\" data-bg-opacity=\"1\" data-animation=\"fade-in-from-bottom\" data-delay=\"0\">\n\t\t<div class=\"vc_column-inner\" >\n\t\t<div class=\"wpb_wrapper\">\n\t\t\t<h2 style=\"color: #59664d;text-align: left\" class=\"vc_custom_heading\" >Camouflage par Zone-Cammo<\/h2><h3 style=\"text-align: left\" class=\"vc_custom_heading\" >Une entreprise connexe a Lettrage MEDIA<\/h3><div class=\"divider-wrap\" data-alignment=\"default\"><div style=\"height: 10px;\" class=\"divider\"><\/div><\/div>\r\n<div class=\"wpb_text_column wpb_content_element\" >\r\n\t<div class=\"wpb_wrapper\">\r\n\t\t<p><strong>Zone-Camo est une entreprise qu\u00e9b\u00e9coise qui se sp\u00e9cialise dans la conception et la production de graphiques \u00e0 motif de camouflage 100% qu\u00e9b\u00e9cois imprim\u00e9 sur du vinyle autocollant de type \u201cwrap\u201d. Nous l\u2019appelons \u201csyst\u00e8me de camouflage autocollant\u201d.<\/strong><\/p>\n<p>Nos motifs de camouflage sont des plus r\u00e9aliste et inspir\u00e9 de nos for\u00eats qu\u00e9b\u00e9coises et fait \u00e0 partir de photos prises localement avec des \u00e9l\u00e9ments naturels dispos\u00e9s de mani\u00e8re \u00e0 dissimuler la forme de vos \u00e9quipements.<\/p>\n<p>Ce qui distingue Zone-Camo de nos concourants Am\u00e9ricain est que nos motifs sont sans r\u00e9p\u00e9tition apparente, donc non vous ne trouverez pas la m\u00eame branche ou la m\u00eame feuille a tous les deux pieds et ce dans chaque direction.<\/p>\n<p>Visit\u00e9 notre site<\/p>\n\t<\/div>\r\n<\/div>\r\n\r\n\r\n\r\n<a class=\"nectar-button large regular extra-color-gradient-2 has-icon\"  style=\"margin-top: 20px; background-color: #59664d;\" target=\"_blank\" href=\"https:\/\/zonecamo.ca\/\" data-color-override=\"#59664d\" data-hover-color-override=\"false\" data-hover-text-color-override=\"#fff\"><span class=\"start loading\">zonecamo.ca<i  class=\"icon-button-arrow\"><\/i><\/span><span class=\"hover\">zonecamo.ca<i  class=\"icon-button-arrow\"><\/i><\/span><\/a>\n\t\t<\/div> \n\t<\/div>\n\t<\/div> \n<\/div><\/div>\n\t\t\t<\/div> \n\t\t<\/div>\n\t<\/div> \n\n\t<div style=\"\" class=\"vc_col-sm-6 wpb_column column_container vc_column_container col padding-6-percent inherit_tablet inherit_phone\" data-using-bg=\"true\" data-bg-cover=\"true\" data-padding-pos=\"all\" data-has-bg-color=\"false\" data-bg-color=\"\" data-bg-opacity=\"1\" data-animation=\"\" data-delay=\"0\" >\n\t\t<div class=\"vc_column-inner\" ><div class=\"column-image-bg-wrap\" data-bg-pos=\"center center\" data-bg-animation=\"none\" data-bg-overlay=\"false\"><div class=\"inner-wrap\"><div class=\"column-image-bg\" style=\" background-image: url('https:\/\/www.lettragemedia.com\/wp-content\/uploads\/2021\/08\/baniere-zone-camo-1.png'); \"><\/div><\/div><\/div>\n\t\t\t<div class=\"wpb_wrapper\">\n\t\t\t\t<div class=\"divider-wrap\" data-alignment=\"default\"><div style=\"height: 100px;\" class=\"divider\"><\/div><\/div>\n\t\t\t<\/div> \n\t\t<\/div>\n\t<\/div> \n<\/div><\/div>\r\n\t\t<div id=\"fws_69e3909c45bbd\"  data-column-margin=\"default\" data-midnight=\"light\" data-top-percent=\"5%\" data-bottom-percent=\"5%\"  class=\"wpb_row vc_row-fluid vc_row full-width-section  vc_row-o-equal-height vc_row-flex  vc_row-o-content-middle\"  style=\"padding-top: calc(100vw * 0.05); padding-bottom: calc(100vw * 0.05); \"><div class=\"row-bg-wrap\" data-bg-animation=\"none\" data-bg-overlay=\"false\"><div class=\"inner-wrap\"><div class=\"row-bg using-bg-color\"  style=\"background-color: #59664d; \"><\/div><\/div><\/div><div class=\"row_col_wrap_12 col span_12 light left\">\n\t<div  class=\"vc_col-sm-6 wpb_column column_container vc_column_container col no-extra-padding inherit_tablet inherit_phone\"  data-padding-pos=\"all\" data-has-bg-color=\"false\" data-bg-color=\"\" data-bg-opacity=\"1\" data-animation=\"\" data-delay=\"0\" >\n\t\t<div class=\"vc_column-inner\" >\n\t\t\t<div class=\"wpb_wrapper\">\n\t\t\t\t<h2 style=\"color: #ffffff;text-align: left\" class=\"vc_custom_heading\" >Camoufler en toute qui\u00e9tude<br \/>\ndans le confort de votre foyer.<\/h2>\n\t\t\t<\/div> \n\t\t<\/div>\n\t<\/div> \n\n\t<div  class=\"vc_col-sm-6 wpb_column column_container vc_column_container col no-extra-padding inherit_tablet inherit_phone\"  data-padding-pos=\"all\" data-has-bg-color=\"false\" data-bg-color=\"\" data-bg-opacity=\"1\" data-animation=\"\" data-delay=\"0\" >\n\t\t<div class=\"vc_column-inner\" >\n\t\t\t<div class=\"wpb_wrapper\">\n\t\t\t\t<div class=\"nectar-icon-list\" data-icon-color=\"default\" data-icon-style=\"border\" data-columns=\"3\" data-direction=\"vertical\" data-icon-size=\"small\" data-animate=\"\"><div class=\"nectar-icon-list-item\"><div class=\"list-icon-holder\" data-icon_type=\"icon\"><i class=\"icon-default-style fa fa-check\" data-color=\"default\"><\/i><\/div><div class=\"content\"><h4>Arme \u00e0 Feu<\/h4><\/div><\/div><div class=\"nectar-icon-list-item\"><div class=\"list-icon-holder\" data-icon_type=\"icon\"><i class=\"icon-default-style fa fa-check\" data-color=\"default\"><\/i><\/div><div class=\"content\"><h4>V\u00e9hicule ou VTT<\/h4><\/div><\/div><div class=\"nectar-icon-list-item\"><div class=\"list-icon-holder\" data-icon_type=\"icon\"><i class=\"icon-default-style fa fa-check\" data-color=\"default\"><\/i><\/div><div class=\"content\"><h4>Embarcation nautique<\/h4><\/div><\/div><div class=\"nectar-icon-list-item\"><div class=\"list-icon-holder\" data-icon_type=\"icon\"><i class=\"icon-default-style fa fa-check\" data-color=\"default\"><\/i><\/div><div class=\"content\"><h4>Accessoires de plein air<\/h4><\/div><\/div><\/div>\n\t\t\t<\/div> \n\t\t<\/div>\n\t<\/div> \n<\/div><\/div>","protected":false},"excerpt":{"rendered":"Camouflage par Zone-CammoUne entreprise connexe a Lettrage MEDIA Zone-Camo est une entreprise qu\u00e9b\u00e9coise qui se sp\u00e9cialise dans la conception et la production de graphiques \u00e0 motif de camouflage 100% qu\u00e9b\u00e9cois...","protected":false},"author":3,"featured_media":0,"parent":0,"menu_order":0,"comment_status":"closed","ping_status":"closed","template":"","meta":{"_seopress_robots_primary_cat":"","_seopress_titles_title":"Lettrage | Lettrage MEDIA","_seopress_titles_desc":"Lettrage de v\u00e9hicule, Lettrage simple couleur d\u00e9couper, Lettrage imprimer d\u00e9couper, Demi wrap ou wrap complet, Vitre arri\u00e8re ou de cot\u00e9 en vinyle perforer","_seopress_robots_index":"","footnotes":""},"class_list":["post-9069","page","type-page","status-publish"],"_links":{"self":[{"href":"https:\/\/www.lettragemedia.com\/en\/wp-json\/wp\/v2\/pages\/9069","targetHints":{"allow":["GET"]}}],"collection":[{"href":"https:\/\/www.lettragemedia.com\/en\/wp-json\/wp\/v2\/pages"}],"about":[{"href":"https:\/\/www.lettragemedia.com\/en\/wp-json\/wp\/v2\/types\/page"}],"author":[{"embeddable":true,"href":"https:\/\/www.lettragemedia.com\/en\/wp-json\/wp\/v2\/users\/3"}],"replies":[{"embeddable":true,"href":"https:\/\/www.lettragemedia.com\/en\/wp-json\/wp\/v2\/comments?post=9069"}],"version-history":[{"count":5,"href":"https:\/\/www.lettragemedia.com\/en\/wp-json\/wp\/v2\/pages\/9069\/revisions"}],"predecessor-version":[{"id":9141,"href":"https:\/\/www.lettragemedia.com\/en\/wp-json\/wp\/v2\/pages\/9069\/revisions\/9141"}],"wp:attachment":[{"href":"https:\/\/www.lettragemedia.com\/en\/wp-json\/wp\/v2\/media?parent=9069"}],"curies":[{"name":"wp","href":"https:\/\/api.w.org\/{rel}","templated":true}]}}