{"id":8338,"date":"2021-08-13T11:08:58","date_gmt":"2021-08-13T15:08:58","guid":{"rendered":"http:\/\/www.lettragemedia.com\/?page_id=8338"},"modified":"2021-08-16T13:03:10","modified_gmt":"2021-08-16T17:03:10","slug":"services","status":"publish","type":"page","link":"https:\/\/www.lettragemedia.com\/en\/services\/","title":{"rendered":"Services"},"content":{"rendered":"<div id=\"fws_69e3928d8aa92\"  data-column-margin=\"default\" data-midnight=\"dark\" data-top-percent=\"5%\" data-bottom-percent=\"5%\"  class=\"wpb_row vc_row-fluid vc_row full-width-section  vc_row-o-equal-height vc_row-flex  vc_row-o-content-top\"  style=\"padding-top: calc(100vw * 0.05); padding-bottom: calc(100vw * 0.05); \"><div class=\"row-bg-wrap\" data-bg-animation=\"none\" data-bg-overlay=\"false\"><div class=\"inner-wrap\"><div class=\"row-bg\"  style=\"\"><\/div><\/div><\/div><div class=\"row_col_wrap_12 col span_12 dark left\">\n\t<div  class=\"vc_col-sm-12 wpb_column column_container vc_column_container col no-extra-padding inherit_tablet inherit_phone\"  data-padding-pos=\"all\" data-has-bg-color=\"false\" data-bg-color=\"\" data-bg-opacity=\"1\" data-animation=\"\" data-delay=\"0\" >\n\t\t<div class=\"vc_column-inner\" >\n\t\t\t<div class=\"wpb_wrapper\">\n\t\t\t\t<div id=\"fws_69e3928d8af03\" data-midnight=\"\" data-column-margin=\"default\" class=\"wpb_row vc_row-fluid vc_row inner_row\"  style=\"\"><div class=\"row-bg-wrap\"> <div class=\"row-bg\" ><\/div> <\/div><div class=\"row_col_wrap_12_inner col span_12  left\">\n\t<div  class=\"vc_col-sm-6 wpb_column column_container vc_column_container col child_column no-extra-padding inherit_tablet inherit_phone\"   data-padding-pos=\"all\" data-has-bg-color=\"false\" data-bg-color=\"\" data-bg-opacity=\"1\" data-animation=\"\" data-delay=\"0\">\n\t\t<div class=\"vc_column-inner\" >\n\t\t<div class=\"wpb_wrapper\">\n\t\t\t<div class=\"nectar-fancy-box using-img\" data-style=\"default\" data-animation=\"\" data-hover-o=\"default\" data-border-radius=\"default\" data-border=\"\" data-box-color-opacity=\"1\" data-delay=\"\" data-alignment=\"left\" data-color=\"accent-color\" ><div class=\"box-bg\"  style=\"background-image: url('https:\/\/www.lettragemedia.com\/wp-content\/uploads\/2021\/08\/E\u0301tape-de-personnalisation-Lettrage-media-7.jpeg'); \"><\/div> <div class=\"inner\" style=\"min-height: 300px\">\n<h2>Lettrage<\/h2>\n<p>Lettrage de v\u00e9hicules<\/div> <div class=\"link-text\">D\u00e9couvrez nos services<span class=\"arrow\"><\/span><\/div> <a  href=\"http:\/\/www.lettragemedia.com\/en\/lettrage-de-vehicule\/\" class=\"box-link\"><\/a> <\/div>\n\t\t<\/div> \n\t<\/div>\n\t<\/div> \n\n\t<div  class=\"vc_col-sm-6 wpb_column column_container vc_column_container col child_column no-extra-padding inherit_tablet inherit_phone\"   data-padding-pos=\"all\" data-has-bg-color=\"false\" data-bg-color=\"\" data-bg-opacity=\"1\" data-animation=\"\" data-delay=\"0\">\n\t\t<div class=\"vc_column-inner\" >\n\t\t<div class=\"wpb_wrapper\">\n\t\t\t<div class=\"nectar-fancy-box using-img\" data-style=\"default\" data-animation=\"\" data-hover-o=\"default\" data-border-radius=\"default\" data-border=\"\" data-box-color-opacity=\"1\" data-delay=\"\" data-alignment=\"left\" data-color=\"accent-color\" ><div class=\"box-bg\"  style=\"background-image: url('https:\/\/www.lettragemedia.com\/wp-content\/uploads\/2021\/08\/Affiches-Lettrage-media-9.jpeg'); \"><\/div> <div class=\"inner\" style=\"min-height: 300px\">\n<h2>Enseignes et affiches<\/h2>\n<p>Pancarte et signalisation (int\u00e9rieur et ext\u00e9rieur)<\/div> <div class=\"link-text\">D\u00e9couvrez nos services<span class=\"arrow\"><\/span><\/div> <a  href=\"https:\/\/www.lettragemedia.com\/en\/enseignes-et-affiches\/\" class=\"box-link\"><\/a> <\/div>\n\t\t<\/div> \n\t<\/div>\n\t<\/div> \n<\/div><\/div><div id=\"fws_69e3928d8b98a\" data-midnight=\"\" data-column-margin=\"default\" class=\"wpb_row vc_row-fluid vc_row inner_row\"  style=\"\"><div class=\"row-bg-wrap\"> <div class=\"row-bg\" ><\/div> <\/div><div class=\"row_col_wrap_12_inner col span_12  left\">\n\t<div  class=\"vc_col-sm-4 wpb_column column_container vc_column_container col child_column no-extra-padding inherit_tablet inherit_phone\"   data-padding-pos=\"all\" data-has-bg-color=\"false\" data-bg-color=\"\" data-bg-opacity=\"1\" data-animation=\"\" data-delay=\"0\">\n\t\t<div class=\"vc_column-inner\" >\n\t\t<div class=\"wpb_wrapper\">\n\t\t\t<div class=\"nectar-fancy-box using-img\" data-style=\"default\" data-animation=\"\" data-hover-o=\"default\" data-border-radius=\"default\" data-border=\"\" data-box-color-opacity=\"1\" data-delay=\"\" data-alignment=\"left\" data-color=\"accent-color\" ><div class=\"box-bg\"  style=\"background-image: url('https:\/\/www.lettragemedia.com\/wp-content\/uploads\/2021\/08\/lettrage-media-enseigne-banderoles-.jpg'); \"><\/div> <div class=\"inner\" style=\"min-height: 300px\">\n<h2>Banderoles<\/h2>\n<p>Banni\u00e8re, de petit, moyen ou grand format<\/div> <div class=\"link-text\">D\u00e9couvrez nos services<span class=\"arrow\"><\/span><\/div> <a  href=\"http:\/\/www.lettragemedia.com\/en\/banderoles\/\" class=\"box-link\"><\/a> <\/div>\n\t\t<\/div> \n\t<\/div>\n\t<\/div> \n\n\t<div  class=\"vc_col-sm-4 wpb_column column_container vc_column_container col child_column no-extra-padding inherit_tablet inherit_phone\"   data-padding-pos=\"all\" data-has-bg-color=\"false\" data-bg-color=\"\" data-bg-opacity=\"1\" data-animation=\"\" data-delay=\"0\">\n\t\t<div class=\"vc_column-inner\" >\n\t\t<div class=\"wpb_wrapper\">\n\t\t\t<div class=\"nectar-fancy-box using-img\" data-style=\"default\" data-animation=\"\" data-hover-o=\"default\" data-border-radius=\"default\" data-border=\"\" data-box-color-opacity=\"1\" data-delay=\"\" data-alignment=\"left\" data-color=\"accent-color\" ><div class=\"box-bg\"  style=\"background-image: url('https:\/\/www.lettragemedia.com\/wp-content\/uploads\/2021\/08\/Vitrine-Lettrage-media-1.jpeg'); \"><\/div> <div class=\"inner\" style=\"min-height: 300px\">\n<h2>Habillage de vitrine<\/h2>\n<p>Impression num\u00e9rique grand format <\/div> <div class=\"link-text\">D\u00e9couvrez nos services<span class=\"arrow\"><\/span><\/div> <a  href=\"http:\/\/www.lettragemedia.com\/en\/habillage-de-vitrine\/\" class=\"box-link\"><\/a> <\/div>\n\t\t<\/div> \n\t<\/div>\n\t<\/div> \n\n\t<div  class=\"vc_col-sm-4 wpb_column column_container vc_column_container col child_column no-extra-padding inherit_tablet inherit_phone\"   data-padding-pos=\"all\" data-has-bg-color=\"false\" data-bg-color=\"\" data-bg-opacity=\"1\" data-animation=\"\" data-delay=\"0\">\n\t\t<div class=\"vc_column-inner\" >\n\t\t<div class=\"wpb_wrapper\">\n\t\t\t<div class=\"nectar-fancy-box using-img\" data-style=\"default\" data-animation=\"\" data-hover-o=\"default\" data-border-radius=\"default\" data-border=\"\" data-box-color-opacity=\"1\" data-delay=\"\" data-alignment=\"left\" data-color=\"accent-color\" ><div class=\"box-bg\"  style=\"background-image: url('https:\/\/www.lettragemedia.com\/wp-content\/uploads\/2021\/08\/LETTRAGE-IMPRESSION-VITRINE-2.jpg'); \"><\/div> <div class=\"inner\" style=\"min-height: 300px\">\n<h2>Mural, Plancher et D\u00e9calque<\/h2>\n<p>Murales haut de gammes d\u00e9coratives pour fen\u00eatres et murs<\/div> <div class=\"link-text\">D\u00e9couvrez nos services<span class=\"arrow\"><\/span><\/div> <a  href=\"http:\/\/www.lettragemedia.com\/en\/murales\/\" class=\"box-link\"><\/a> <\/div>\n\t\t<\/div> \n\t<\/div>\n\t<\/div> \n<\/div><\/div><div id=\"fws_69e3928d8c67b\" data-midnight=\"\" data-column-margin=\"default\" class=\"wpb_row vc_row-fluid vc_row inner_row\"  style=\"\"><div class=\"row-bg-wrap\"> <div class=\"row-bg\" ><\/div> <\/div><div class=\"row_col_wrap_12_inner col span_12  left\">\n\t<div  class=\"vc_col-sm-6 wpb_column column_container vc_column_container col child_column no-extra-padding inherit_tablet inherit_phone\"   data-padding-pos=\"all\" data-has-bg-color=\"false\" data-bg-color=\"\" data-bg-opacity=\"1\" data-animation=\"\" data-delay=\"0\">\n\t\t<div class=\"vc_column-inner\" >\n\t\t<div class=\"wpb_wrapper\">\n\t\t\t<div class=\"nectar-fancy-box using-img\" data-style=\"default\" data-animation=\"\" data-hover-o=\"default\" data-border-radius=\"default\" data-border=\"\" data-box-color-opacity=\"1\" data-delay=\"\" data-alignment=\"left\" data-color=\"accent-color\" ><div class=\"box-bg\"  style=\"background-image: url('https:\/\/www.lettragemedia.com\/wp-content\/uploads\/2021\/08\/Lettrage-Media-impression-enseignes.jpg'); \"><\/div> <div class=\"inner\" style=\"min-height: 300px\">\n<h2>Infographie<\/h2>\n<p>Cr\u00e9ation de votre logo<\/div> <div class=\"link-text\">D\u00e9couvrez nos services<span class=\"arrow\"><\/span><\/div> <a  href=\"http:\/\/www.lettragemedia.com\/en\/infographie\/\" class=\"box-link\"><\/a> <\/div>\n\t\t<\/div> \n\t<\/div>\n\t<\/div> \n\n\t<div  class=\"vc_col-sm-6 wpb_column column_container vc_column_container col child_column no-extra-padding inherit_tablet inherit_phone\"   data-padding-pos=\"all\" data-has-bg-color=\"false\" data-bg-color=\"\" data-bg-opacity=\"1\" data-animation=\"\" data-delay=\"0\">\n\t\t<div class=\"vc_column-inner\" >\n\t\t<div class=\"wpb_wrapper\">\n\t\t\t<div class=\"nectar-fancy-box using-img\" data-style=\"default\" data-animation=\"\" data-hover-o=\"default\" data-border-radius=\"default\" data-border=\"\" data-box-color-opacity=\"1\" data-delay=\"\" data-alignment=\"left\" data-color=\"accent-color\" ><div class=\"box-bg\"  style=\"background-image: url('https:\/\/www.lettragemedia.com\/wp-content\/uploads\/2021\/08\/Affiches-Lettrage-media-11.jpeg'); \"><\/div> <div class=\"inner\" style=\"min-height: 300px\">\n<h2>Impression<\/h2>\n<p>Impression grand format<\/div> <div class=\"link-text\">D\u00e9couvrez nos services<span class=\"arrow\"><\/span><\/div> <a  href=\"http:\/\/www.lettragemedia.com\/en\/impression-grand-format\/\" class=\"box-link\"><\/a> <\/div>\n\t\t<\/div> \n\t<\/div>\n\t<\/div> \n<\/div><\/div><div id=\"fws_69e3928d8cf5e\" data-midnight=\"\" data-column-margin=\"default\" class=\"wpb_row vc_row-fluid vc_row inner_row\"  style=\"\"><div class=\"row-bg-wrap\"> <div class=\"row-bg\" ><\/div> <\/div><div class=\"row_col_wrap_12_inner col span_12  left\">\n\t<div  class=\"vc_col-sm-12 wpb_column column_container vc_column_container col child_column centered-text no-extra-padding inherit_tablet inherit_phone\"   data-padding-pos=\"all\" data-has-bg-color=\"false\" data-bg-color=\"\" data-bg-opacity=\"1\" data-animation=\"\" data-delay=\"0\">\n\t\t<div class=\"vc_column-inner\" >\n\t\t<div class=\"wpb_wrapper\">\n\t\t\t<a class=\"nectar-button large regular extra-color-gradient-1 has-icon\"  style=\"margin-top: 20px; \"  href=\"http:\/\/www.lettragemedia.com\/en\/contact-ny-my-design\/\" data-color-override=\"false\" data-hover-color-override=\"false\" data-hover-text-color-override=\"#fff\"><span class=\"start loading\">Contactez-nous!<i  class=\"icon-button-arrow\"><\/i><\/span><span class=\"hover\">Contactez-nous!<i  class=\"icon-button-arrow\"><\/i><\/span><\/a>\n\t\t<\/div> \n\t<\/div>\n\t<\/div> \n<\/div><\/div>\n\t\t\t<\/div> \n\t\t<\/div>\n\t<\/div> \n<\/div><\/div>","protected":false},"excerpt":{"rendered":"Lettrage Lettrage de v\u00e9hicules D\u00e9couvrez nos services Enseignes et affiches Pancarte et signalisation (int\u00e9rieur et ext\u00e9rieur) D\u00e9couvrez nos services Banderoles Banni\u00e8re, de petit, moyen ou grand format D\u00e9couvrez nos services...","protected":false},"author":4,"featured_media":0,"parent":0,"menu_order":0,"comment_status":"closed","ping_status":"closed","template":"","meta":{"_seopress_robots_primary_cat":"","_seopress_titles_title":"Services | Lettrage MEDIA","_seopress_titles_desc":"Lettrage, Enseignes et Affiches, Banderoles, Habillage de vitrine, Mural, Plancher et D\u00e9calque, Infographie, Impression grand format, Lettrage MEDIA","_seopress_robots_index":"","footnotes":""},"class_list":["post-8338","page","type-page","status-publish"],"_links":{"self":[{"href":"https:\/\/www.lettragemedia.com\/en\/wp-json\/wp\/v2\/pages\/8338","targetHints":{"allow":["GET"]}}],"collection":[{"href":"https:\/\/www.lettragemedia.com\/en\/wp-json\/wp\/v2\/pages"}],"about":[{"href":"https:\/\/www.lettragemedia.com\/en\/wp-json\/wp\/v2\/types\/page"}],"author":[{"embeddable":true,"href":"https:\/\/www.lettragemedia.com\/en\/wp-json\/wp\/v2\/users\/4"}],"replies":[{"embeddable":true,"href":"https:\/\/www.lettragemedia.com\/en\/wp-json\/wp\/v2\/comments?post=8338"}],"version-history":[{"count":5,"href":"https:\/\/www.lettragemedia.com\/en\/wp-json\/wp\/v2\/pages\/8338\/revisions"}],"predecessor-version":[{"id":8651,"href":"https:\/\/www.lettragemedia.com\/en\/wp-json\/wp\/v2\/pages\/8338\/revisions\/8651"}],"wp:attachment":[{"href":"https:\/\/www.lettragemedia.com\/en\/wp-json\/wp\/v2\/media?parent=8338"}],"curies":[{"name":"wp","href":"https:\/\/api.w.org\/{rel}","templated":true}]}}