{"id":8315,"date":"2021-08-13T10:54:16","date_gmt":"2021-08-13T14:54:16","guid":{"rendered":"http:\/\/www.lettragemedia.com\/?page_id=8315"},"modified":"2021-08-25T10:24:43","modified_gmt":"2021-08-25T14:24:43","slug":"avantages-du-lettrage","status":"publish","type":"page","link":"https:\/\/www.lettragemedia.com\/en\/avantages-du-lettrage\/","title":{"rendered":"Avantages du lettrage"},"content":{"rendered":"<div id=\"fws_69e3924b7c931\"  data-column-margin=\"default\" data-midnight=\"dark\" data-top-percent=\"5%\" data-bottom-percent=\"5%\"  class=\"wpb_row vc_row-fluid vc_row full-width-section  vc_row-o-equal-height vc_row-flex  vc_row-o-content-middle parallax_section\"  style=\"padding-top: calc(100vw * 0.05); padding-bottom: calc(100vw * 0.05); \"><div class=\"row-bg-wrap\" data-bg-animation=\"none\" data-bg-overlay=\"true\"><div class=\"inner-wrap\"><div class=\"row-bg\" data-parallax-speed=\"fixed\" style=\"\"><\/div><\/div><div class=\"row-bg-overlay\" style=\"background-color:#ffffff;  opacity: 0.8; \"><\/div><\/div><div class=\"row_col_wrap_12 col span_12 dark left\">\n\t<div  class=\"vc_col-sm-12 wpb_column column_container vc_column_container col no-extra-padding inherit_tablet inherit_phone\"  data-padding-pos=\"all\" data-has-bg-color=\"false\" data-bg-color=\"\" data-bg-opacity=\"1\" data-animation=\"\" data-delay=\"0\" >\n\t\t<div class=\"vc_column-inner\" >\n\t\t\t<div class=\"wpb_wrapper\">\n\t\t\t\t<div id=\"fws_69e3924b7cdad\" data-midnight=\"\" data-column-margin=\"default\" class=\"wpb_row vc_row-fluid vc_row inner_row\"  style=\"\"><div class=\"row-bg-wrap\"> <div class=\"row-bg\" ><\/div> <\/div><div class=\"row_col_wrap_12_inner col span_12  left\">\n\t<div  class=\"vc_col-sm-6 wpb_column column_container vc_column_container col child_column has-animation no-extra-padding inherit_tablet inherit_phone\"   data-padding-pos=\"all\" data-has-bg-color=\"false\" data-bg-color=\"\" data-bg-opacity=\"1\" data-animation=\"fade-in-from-bottom\" data-delay=\"0\">\n\t\t<div class=\"vc_column-inner\" >\n\t\t<div class=\"wpb_wrapper\">\n\t\t\t<h2 style=\"color: #2b9690;text-align: left\" class=\"vc_custom_heading\" >Une visibilit\u00e9 partout !<\/h2><h3 style=\"text-align: left\" class=\"vc_custom_heading\" ><\/h3><div class=\"divider-wrap\" data-alignment=\"default\"><div style=\"height: 10px;\" class=\"divider\"><\/div><\/div>\r\n<div class=\"wpb_text_column wpb_content_element\" >\r\n\t<div class=\"wpb_wrapper\">\r\n\t\t<p>Les raisons pour lesquelles un si grand nombre d\u2019entreprises de petite et grande envergure optent pour le lettrage de leurs v\u00e9hicules sont nombreuses et notables.<\/p>\n<p>En voici quelques-unes :<\/p>\n\t<\/div>\r\n<\/div>\r\n\r\n\r\n\r\n\n\t\t<\/div> \n\t<\/div>\n\t<\/div> \n\n\t<div  class=\"vc_col-sm-6 wpb_column column_container vc_column_container col child_column no-extra-padding inherit_tablet inherit_phone\"   data-padding-pos=\"all\" data-has-bg-color=\"false\" data-bg-color=\"\" data-bg-opacity=\"1\" data-animation=\"\" data-delay=\"0\">\n\t\t<div class=\"vc_column-inner\" >\n\t\t<div class=\"wpb_wrapper\">\n\t\t\t<div class=\"img-with-aniamtion-wrap\" data-max-width=\"100%\" data-max-width-mobile=\"default\" data-shadow=\"none\" data-animation=\"fade-in\" >\r\n      <div class=\"inner\">\r\n        <div class=\"hover-wrap\"> \r\n          <div class=\"hover-wrap-inner\">\r\n            <img loading=\"lazy\" decoding=\"async\" class=\"img-with-animation skip-lazy\" data-delay=\"0\" height=\"717\" width=\"1886\" data-animation=\"fade-in\" src=\"https:\/\/www.lettragemedia.com\/wp-content\/uploads\/2021\/08\/Lettrage-media-impression-4-copie-2.jpg\" alt=\"\" srcset=\"https:\/\/www.lettragemedia.com\/wp-content\/uploads\/2021\/08\/Lettrage-media-impression-4-copie-2.jpg 1886w, https:\/\/www.lettragemedia.com\/wp-content\/uploads\/2021\/08\/Lettrage-media-impression-4-copie-2-300x114.jpg 300w, https:\/\/www.lettragemedia.com\/wp-content\/uploads\/2021\/08\/Lettrage-media-impression-4-copie-2-1024x389.jpg 1024w, https:\/\/www.lettragemedia.com\/wp-content\/uploads\/2021\/08\/Lettrage-media-impression-4-copie-2-768x292.jpg 768w, https:\/\/www.lettragemedia.com\/wp-content\/uploads\/2021\/08\/Lettrage-media-impression-4-copie-2-1536x584.jpg 1536w\" sizes=\"auto, (min-width: 1450px) 75vw, (min-width: 1000px) 85vw, 100vw\" \/>\r\n          <\/div>\r\n        <\/div>\r\n      <\/div>\r\n    <\/div>\n\t\t<\/div> \n\t<\/div>\n\t<\/div> \n<\/div><\/div><div class=\"nectar-icon-list\" data-icon-color=\"default\" data-icon-style=\"border\" data-columns=\"3\" data-direction=\"vertical\" data-icon-size=\"small\" data-animate=\"\"><div class=\"nectar-icon-list-item\"><div class=\"list-icon-holder\" data-icon_type=\"numerical\"><span>1<\/span><\/div><div class=\"content\"><h4>Meilleure image de marque<\/h4>Une meilleure image de marque pour votre commerce : cela va de soi, des voitures ou camions lettr\u00e9s avec style suscitent davantage de notori\u00e9t\u00e9 et de confiance chez les consommateurs. Pourquoi? Parce que ces v\u00e9hicules d\u00e9gagent du professionnalisme et de la cr\u00e9dibilit\u00e9, alors qu\u2019une automobile fade et ordinaire donne l\u2019impression qu\u2019il y a improvisation.<\/div><\/div><div class=\"nectar-icon-list-item\"><div class=\"list-icon-holder\" data-icon_type=\"numerical\"><span>2<\/span><\/div><div class=\"content\"><h4>Plus de visibilit\u00e9 pour votre entreprise<\/h4>Il s\u2019agit d\u2019une forme de publicit\u00e9 efficace pour atteindre les clients potentiels dans votre secteur g\u00e9ographique, que vous soyez sur la route ou bien immobilis\u00e9. Surtout dans le grand Montr\u00e9al, par heure de grand trafic, les automobilistes trouvant le temps long et \u00e9tant \u00e0 proximit\u00e9 de votre v\u00e9hicule porteront attention \u00e0 votre message.<\/div><\/div><div class=\"nectar-icon-list-item\"><div class=\"list-icon-holder\" data-icon_type=\"numerical\"><span>3<\/span><\/div><div class=\"content\"><h4>Option logique<\/h4>Bref, le lettrage de v\u00e9hicule est une option logique pour les PME et les grandes compagnies.<\/div><\/div><div class=\"nectar-icon-list-item\"><div class=\"list-icon-holder\" data-icon_type=\"numerical\"><span>4<\/span><\/div><div class=\"content\"><h4>Une publicit\u00e9 \u00e0 faible co\u00fbt<\/h4>Ainsi, puisque le lettrage dure longtemps et des centaines, voire des milliers de personnes seront r\u00e9guli\u00e8rement expos\u00e9s \u00e0 votre publicit\u00e9, cet investissement est rentable. Saviez-vous que, selon une \u00e9tude am\u00e9ricaine, 91% des gens remarquent le visuel sur les v\u00e9hicules lettr\u00e9s et, par ce moyen, il n\u2019en co\u00fbterait que 77 cents pour rejoindre 1000 personnes.<\/div><\/div><div class=\"nectar-icon-list-item\"><div class=\"list-icon-holder\" data-icon_type=\"numerical\"><span>5<\/span><\/div><div class=\"content\"><h4>Fr\u00e9quence accrue d\u2019exposition \u00e0 votre entreprise<\/h4>En plus de rejoindre beaucoup de gens, si vous empruntez r\u00e9guli\u00e8rement les m\u00eames trajets que de nombreux automobilistes, ils en viendront \u00e0 retenir vos informations \u00e0 force de les voir. Dans cette optique, le lettrage est plus efficace qu\u2019une apparition unique \u00e0 la radio ou temporaire sur un panneau d\u2019affichage.<\/div><\/div><div class=\"nectar-icon-list-item\"><div class=\"list-icon-holder\" data-icon_type=\"numerical\"><span>6<\/span><\/div><div class=\"content\"><h4>Originalit\u00e9<\/h4>Gr\u00e2ce \u00e0 des \u00e9quipements de pointe, ont peut traduire vos id\u00e9es les plus folles en lettrage pour vos voitures, camionnettes, camions, VR\u2026 quelles qu\u2019en soient les couleurs, les dimensions, la texture, etc. Avez-vous besoin d\u2019inspiration, nous pouvons vous aider \u00e0 y rem\u00e9dier!<\/div><\/div><div class=\"nectar-icon-list-item\"><div class=\"list-icon-holder\" data-icon_type=\"numerical\"><span>7<\/span><\/div><div class=\"content\"><h4>Option logique<\/h4>Bref, le lettrage de v\u00e9hicule est une option logique pour les PME et les grandes compagnies.<\/div><\/div><\/div><a class=\"nectar-button large regular extra-color-gradient-1 has-icon\"  style=\"margin-top: 20px; \"  href=\"http:\/\/www.lettragemedia.com\/en\/contact\/\" data-color-override=\"false\" data-hover-color-override=\"false\" data-hover-text-color-override=\"#fff\"><span class=\"start loading\">Contactez-nous!<i  class=\"icon-button-arrow\"><\/i><\/span><span class=\"hover\">Contactez-nous!<i  class=\"icon-button-arrow\"><\/i><\/span><\/a>\n\t\t\t<\/div> \n\t\t<\/div>\n\t<\/div> \n<\/div><\/div>","protected":false},"excerpt":{"rendered":"Une visibilit\u00e9 partout ! Les raisons pour lesquelles un si grand nombre d\u2019entreprises de petite et grande envergure optent pour le lettrage de leurs v\u00e9hicules sont nombreuses et notables. En...","protected":false},"author":4,"featured_media":0,"parent":0,"menu_order":0,"comment_status":"closed","ping_status":"closed","template":"","meta":{"_seopress_robots_primary_cat":"","_seopress_titles_title":"Avantages du lettrage | Lettrage MEDIA","_seopress_titles_desc":"Meilleure image de marque, Plus de visibilit\u00e9 pour votre entreprise, Une publicit\u00e9 \u00e0 faible co\u00fbt, Fr\u00e9quence accrue d\u2019exposition \u00e0 votre entreprise\r\n\r\n\r\n","_seopress_robots_index":"","footnotes":""},"class_list":["post-8315","page","type-page","status-publish"],"_links":{"self":[{"href":"https:\/\/www.lettragemedia.com\/en\/wp-json\/wp\/v2\/pages\/8315","targetHints":{"allow":["GET"]}}],"collection":[{"href":"https:\/\/www.lettragemedia.com\/en\/wp-json\/wp\/v2\/pages"}],"about":[{"href":"https:\/\/www.lettragemedia.com\/en\/wp-json\/wp\/v2\/types\/page"}],"author":[{"embeddable":true,"href":"https:\/\/www.lettragemedia.com\/en\/wp-json\/wp\/v2\/users\/4"}],"replies":[{"embeddable":true,"href":"https:\/\/www.lettragemedia.com\/en\/wp-json\/wp\/v2\/comments?post=8315"}],"version-history":[{"count":5,"href":"https:\/\/www.lettragemedia.com\/en\/wp-json\/wp\/v2\/pages\/8315\/revisions"}],"predecessor-version":[{"id":8750,"href":"https:\/\/www.lettragemedia.com\/en\/wp-json\/wp\/v2\/pages\/8315\/revisions\/8750"}],"wp:attachment":[{"href":"https:\/\/www.lettragemedia.com\/en\/wp-json\/wp\/v2\/media?parent=8315"}],"curies":[{"name":"wp","href":"https:\/\/api.w.org\/{rel}","templated":true}]}}