{"id":8303,"date":"2021-08-13T10:53:03","date_gmt":"2021-08-13T14:53:03","guid":{"rendered":"http:\/\/www.lettragemedia.com\/?page_id=8303"},"modified":"2021-08-30T12:15:23","modified_gmt":"2021-08-30T16:15:23","slug":"infographie","status":"publish","type":"page","link":"https:\/\/www.lettragemedia.com\/en\/infographie\/","title":{"rendered":"Infographie"},"content":{"rendered":"<div id=\"fws_69e392a2ee170\"  data-column-margin=\"default\" data-midnight=\"dark\" data-top-percent=\"5%\" data-bottom-percent=\"5%\"  class=\"wpb_row vc_row-fluid vc_row full-width-section  vc_row-o-equal-height vc_row-flex\"  style=\"padding-top: calc(100vw * 0.05); padding-bottom: calc(100vw * 0.05); \"><div class=\"row-bg-wrap\" data-bg-animation=\"none\" data-bg-overlay=\"false\"><div class=\"inner-wrap\"><div class=\"row-bg\"  style=\"\"><\/div><\/div><\/div><div class=\"row_col_wrap_12 col span_12 dark left\">\n\t<div  class=\"vc_col-sm-6 wpb_column column_container vc_column_container col no-extra-padding inherit_tablet inherit_phone\"  data-padding-pos=\"all\" data-has-bg-color=\"false\" data-bg-color=\"\" data-bg-opacity=\"1\" data-animation=\"\" data-delay=\"0\" >\n\t\t<div class=\"vc_column-inner\" >\n\t\t\t<div class=\"wpb_wrapper\">\n\t\t\t\t<div id=\"fws_69e392a2ee599\" data-midnight=\"\" data-column-margin=\"default\" class=\"wpb_row vc_row-fluid vc_row inner_row\"  style=\"\"><div class=\"row-bg-wrap\"> <div class=\"row-bg\" ><\/div> <\/div><div class=\"row_col_wrap_12_inner col span_12  left\">\n\t<div  class=\"vc_col-sm-12 wpb_column column_container vc_column_container col child_column has-animation no-extra-padding inherit_tablet inherit_phone\"   data-padding-pos=\"all\" data-has-bg-color=\"false\" data-bg-color=\"\" data-bg-opacity=\"1\" data-animation=\"fade-in-from-bottom\" data-delay=\"0\">\n\t\t<div class=\"vc_column-inner\" >\n\t\t<div class=\"wpb_wrapper\">\n\t\t\t<h2 style=\"color: #2b9690;text-align: left\" class=\"vc_custom_heading\" >Infographie<\/h2><h3 style=\"text-align: left\" class=\"vc_custom_heading\" >Cr\u00e9ation de votre logo<\/h3><div class=\"divider-wrap\" data-alignment=\"default\"><div style=\"height: 10px;\" class=\"divider\"><\/div><\/div>\r\n<div class=\"wpb_text_column wpb_content_element\" >\r\n\t<div class=\"wpb_wrapper\">\r\n\t\t<p>Pour cr\u00e9er ou actualiser l\u2019image existante de votre entreprise, cr\u00e9er du mat\u00e9riel de promotion ou d\u2019information ou pour commercialiser vos produits et services, Lettrage MEDIA est votre \u00ab\u00a0One Stop Shop\u00a0\u00bb par excellence.<\/p>\n\t<\/div>\r\n<\/div>\r\n\r\n\r\n\r\n\n\t\t<\/div> \n\t<\/div>\n\t<\/div> \n<\/div><\/div><div class=\"nectar-icon-list\" data-icon-color=\"default\" data-icon-style=\"border\" data-columns=\"3\" data-direction=\"vertical\" data-icon-size=\"small\" data-animate=\"\"><div class=\"nectar-icon-list-item\"><div class=\"list-icon-holder\" data-icon_type=\"icon\"><i class=\"icon-default-style fa fa-check\" data-color=\"default\"><\/i><\/div><div class=\"content\"><h4>Conception graphique<\/h4>Notre \u00e9quipe de designers graphiques composera pour vous du mat\u00e9riel publicitaire en harmonie avec votre image de marque, le tout directement adapt\u00e9 aux mat\u00e9riaux choisis.<\/div><\/div><div class=\"nectar-icon-list-item\"><div class=\"list-icon-holder\" data-icon_type=\"icon\"><i class=\"icon-default-style fa fa-check\" data-color=\"default\"><\/i><\/div><div class=\"content\"><h4>D\u00e9clinaison de mat\u00e9riel<\/h4>\u00c0 partir de la grille graphique, nos infographes seront en mesure de d\u00e9cliner vos concepts publicitaires dans tous les formats et pour tous les supports, qu\u2019ils soient num\u00e9riques et\/ou traditionnels. Nos tarifs seront beaucoup plus avantageux que ceux d\u2019une agence traditionnelle.<\/div><\/div><div class=\"nectar-icon-list-item\"><div class=\"list-icon-holder\" data-icon_type=\"icon\"><i class=\"icon-default-style fa fa-check\" data-color=\"default\"><\/i><\/div><div class=\"content\"><h4>Gestion de banque de photos<\/h4>Nous pouvons g\u00e9rer toute votre banque de photos et vous \u00e9viter de perdre du temps \u00e0 chercher les visuels des projets que vous souhaitez d\u00e9cliner ou r\u00e9utiliser.<\/div><\/div><\/div><div class=\"divider-wrap\" data-alignment=\"default\"><div style=\"height: 10px;\" class=\"divider\"><\/div><\/div>\r\n<div class=\"wpb_text_column wpb_content_element\" >\r\n\t<div class=\"wpb_wrapper\">\r\n\t\t<p>Le service de cr\u00e9ation graphique Lettrage MEDIA est offert \u00e0 tous nos clients ayant besoin d&rsquo;un coup de pouce en mati\u00e8re de mise en page et de disposition graphique. Faites-nous part de vos id\u00e9es et nos infographistes les r\u00e9aliseront pour vous en fonction de vos objectifs, vos cibles et bien-entendu votre budget&#8230;<\/p>\n\t<\/div>\r\n<\/div>\r\n\r\n\r\n\r\n<a class=\"nectar-button large regular extra-color-gradient-1 has-icon\"  style=\"margin-top: 20px; \"  href=\"http:\/\/www.lettragemedia.com\/en\/contact\/\" data-color-override=\"false\" data-hover-color-override=\"false\" data-hover-text-color-override=\"#fff\"><span class=\"start loading\">Contactez-nous!<i  class=\"icon-button-arrow\"><\/i><\/span><span class=\"hover\">Contactez-nous!<i  class=\"icon-button-arrow\"><\/i><\/span><\/a>\n\t\t\t<\/div> \n\t\t<\/div>\n\t<\/div> \n\n\t<div style=\"\" class=\"vc_col-sm-6 wpb_column column_container vc_column_container col padding-6-percent inherit_tablet inherit_phone\" data-using-bg=\"true\" data-bg-cover=\"true\" data-padding-pos=\"all\" data-has-bg-color=\"false\" data-bg-color=\"\" data-bg-opacity=\"1\" data-animation=\"\" data-delay=\"0\" >\n\t\t<div class=\"vc_column-inner\" ><div class=\"column-image-bg-wrap\" data-bg-pos=\"center center\" data-bg-animation=\"none\" data-bg-overlay=\"false\"><div class=\"inner-wrap\"><div class=\"column-image-bg\" style=\" background-image: url('https:\/\/www.lettragemedia.com\/wp-content\/uploads\/2021\/08\/Infographie.png'); \"><\/div><\/div><\/div>\n\t\t\t<div class=\"wpb_wrapper\">\n\t\t\t\t<div class=\"divider-wrap\" data-alignment=\"default\"><div style=\"height: 200px;\" class=\"divider\"><\/div><\/div>\n\t\t\t<\/div> \n\t\t<\/div>\n\t<\/div> \n<\/div><\/div>","protected":false},"excerpt":{"rendered":"InfographieCr\u00e9ation de votre logo Pour cr\u00e9er ou actualiser l\u2019image existante de votre entreprise, cr\u00e9er du mat\u00e9riel de promotion ou d\u2019information ou pour commercialiser vos produits et services, Lettrage MEDIA est...","protected":false},"author":4,"featured_media":0,"parent":0,"menu_order":0,"comment_status":"closed","ping_status":"closed","template":"","meta":{"_seopress_robots_primary_cat":"","_seopress_titles_title":"","_seopress_titles_desc":"","_seopress_robots_index":"","footnotes":""},"class_list":["post-8303","page","type-page","status-publish"],"_links":{"self":[{"href":"https:\/\/www.lettragemedia.com\/en\/wp-json\/wp\/v2\/pages\/8303","targetHints":{"allow":["GET"]}}],"collection":[{"href":"https:\/\/www.lettragemedia.com\/en\/wp-json\/wp\/v2\/pages"}],"about":[{"href":"https:\/\/www.lettragemedia.com\/en\/wp-json\/wp\/v2\/types\/page"}],"author":[{"embeddable":true,"href":"https:\/\/www.lettragemedia.com\/en\/wp-json\/wp\/v2\/users\/4"}],"replies":[{"embeddable":true,"href":"https:\/\/www.lettragemedia.com\/en\/wp-json\/wp\/v2\/comments?post=8303"}],"version-history":[{"count":5,"href":"https:\/\/www.lettragemedia.com\/en\/wp-json\/wp\/v2\/pages\/8303\/revisions"}],"predecessor-version":[{"id":9145,"href":"https:\/\/www.lettragemedia.com\/en\/wp-json\/wp\/v2\/pages\/8303\/revisions\/9145"}],"wp:attachment":[{"href":"https:\/\/www.lettragemedia.com\/en\/wp-json\/wp\/v2\/media?parent=8303"}],"curies":[{"name":"wp","href":"https:\/\/api.w.org\/{rel}","templated":true}]}}