{"id":8300,"date":"2021-08-13T10:52:38","date_gmt":"2021-08-13T14:52:38","guid":{"rendered":"http:\/\/www.lettragemedia.com\/?page_id=8300"},"modified":"2021-08-26T09:54:55","modified_gmt":"2021-08-26T13:54:55","slug":"habillage-de-vitrine","status":"publish","type":"page","link":"https:\/\/www.lettragemedia.com\/en\/habillage-de-vitrine\/","title":{"rendered":"Habillage de vitrine"},"content":{"rendered":"<div id=\"fws_69e3941306a12\"  data-column-margin=\"default\" data-midnight=\"dark\" data-top-percent=\"5%\" data-bottom-percent=\"5%\"  class=\"wpb_row vc_row-fluid vc_row full-width-section  vc_row-o-equal-height vc_row-flex\"  style=\"padding-top: calc(100vw * 0.05); padding-bottom: calc(100vw * 0.05); \"><div class=\"row-bg-wrap\" data-bg-animation=\"none\" data-bg-overlay=\"false\"><div class=\"inner-wrap\"><div class=\"row-bg\"  style=\"\"><\/div><\/div><\/div><div class=\"row_col_wrap_12 col span_12 dark left\">\n\t<div  class=\"vc_col-sm-6 wpb_column column_container vc_column_container col no-extra-padding inherit_tablet inherit_phone\"  data-padding-pos=\"all\" data-has-bg-color=\"false\" data-bg-color=\"\" data-bg-opacity=\"1\" data-animation=\"\" data-delay=\"0\" >\n\t\t<div class=\"vc_column-inner\" >\n\t\t\t<div class=\"wpb_wrapper\">\n\t\t\t\t<div id=\"fws_69e3941306dec\" data-midnight=\"\" data-column-margin=\"default\" class=\"wpb_row vc_row-fluid vc_row inner_row\"  style=\"\"><div class=\"row-bg-wrap\"> <div class=\"row-bg\" ><\/div> <\/div><div class=\"row_col_wrap_12_inner col span_12  left\">\n\t<div  class=\"vc_col-sm-12 wpb_column column_container vc_column_container col child_column has-animation no-extra-padding inherit_tablet inherit_phone\"   data-padding-pos=\"all\" data-has-bg-color=\"false\" data-bg-color=\"\" data-bg-opacity=\"1\" data-animation=\"fade-in-from-bottom\" data-delay=\"0\">\n\t\t<div class=\"vc_column-inner\" >\n\t\t<div class=\"wpb_wrapper\">\n\t\t\t<h2 style=\"color: #2b9690;text-align: left\" class=\"vc_custom_heading\" >Habillage de vitrines<\/h2><h3 style=\"text-align: left\" class=\"vc_custom_heading\" ><\/h3><div class=\"divider-wrap\" data-alignment=\"default\"><div style=\"height: 10px;\" class=\"divider\"><\/div><\/div>\r\n<div class=\"wpb_text_column wpb_content_element\" >\r\n\t<div class=\"wpb_wrapper\">\r\n\t\t<p>La fa\u00e7ade de votre commerce offre une surface de pr\u00e9dilection pour d\u00e9velopper des visuels percutants et attirants. Un habillage de fa\u00e7ade peut \u00eatre r\u00e9alis\u00e9 pour promouvoir un \u00e9v\u00e9nement sp\u00e9cial de fa\u00e7on ponctuelle, pour vous distinguer de vos voisins ou simplement pour passer un message particulier dans le cadre d\u2019une campagne publicitaire.<\/p>\n<p>Les capacit\u00e9s d\u2019impression num\u00e9rique grand format de Lettrage MEDIA vous permettront d\u2019imaginer un habillage de fa\u00e7ade pour tous types de b\u00e2timents tout en laissant passer la lumi\u00e8re du jour.<\/p>\n<p>Nous pouvons aussi vous proposer une panoplie de solutions de lettrage pour vitrine.\u00a0 Bien-entendu et comme pour tous nos autres services, le design personnalis\u00e9 est notre marque de commerce.\u00a0 Appelez-nous aujourd\u2019hui pour nous parler de votre projet !<\/p>\n\t<\/div>\r\n<\/div>\r\n\r\n\r\n\r\n<a class=\"nectar-button large regular extra-color-gradient-1 has-icon\"  style=\"margin-top: 20px; \"  href=\"http:\/\/www.lettragemedia.com\/en\/contact\/\" data-color-override=\"false\" data-hover-color-override=\"false\" data-hover-text-color-override=\"#fff\"><span class=\"start loading\">Contactez-nous!<i  class=\"icon-button-arrow\"><\/i><\/span><span class=\"hover\">Contactez-nous!<i  class=\"icon-button-arrow\"><\/i><\/span><\/a>\n\t\t<\/div> \n\t<\/div>\n\t<\/div> \n<\/div><\/div>\n\t\t\t<\/div> \n\t\t<\/div>\n\t<\/div> \n\n\t<div style=\"\" class=\"vc_col-sm-6 wpb_column column_container vc_column_container col padding-6-percent inherit_tablet inherit_phone\" data-using-bg=\"true\" data-bg-cover=\"true\" data-padding-pos=\"all\" data-has-bg-color=\"false\" data-bg-color=\"\" data-bg-opacity=\"1\" data-animation=\"\" data-delay=\"0\" >\n\t\t<div class=\"vc_column-inner\" ><div class=\"column-image-bg-wrap\" data-bg-pos=\"center center\" data-bg-animation=\"none\" data-bg-overlay=\"false\"><div class=\"inner-wrap\"><div class=\"column-image-bg\" style=\" background-image: url('https:\/\/www.lettragemedia.com\/wp-content\/uploads\/2021\/08\/Vitrine-Lettrage-media-1.jpeg'); \"><\/div><\/div><\/div>\n\t\t\t<div class=\"wpb_wrapper\">\n\t\t\t\t<div class=\"divider-wrap\" data-alignment=\"default\"><div style=\"height: 200px;\" class=\"divider\"><\/div><\/div>\n\t\t\t<\/div> \n\t\t<\/div>\n\t<\/div> \n<\/div><\/div>","protected":false},"excerpt":{"rendered":"Habillage de vitrines La fa\u00e7ade de votre commerce offre une surface de pr\u00e9dilection pour d\u00e9velopper des visuels percutants et attirants. Un habillage de fa\u00e7ade peut \u00eatre r\u00e9alis\u00e9 pour promouvoir un...","protected":false},"author":4,"featured_media":0,"parent":0,"menu_order":0,"comment_status":"closed","ping_status":"closed","template":"","meta":{"_seopress_robots_primary_cat":"","_seopress_titles_title":"","_seopress_titles_desc":"","_seopress_robots_index":"","footnotes":""},"class_list":["post-8300","page","type-page","status-publish"],"_links":{"self":[{"href":"https:\/\/www.lettragemedia.com\/en\/wp-json\/wp\/v2\/pages\/8300","targetHints":{"allow":["GET"]}}],"collection":[{"href":"https:\/\/www.lettragemedia.com\/en\/wp-json\/wp\/v2\/pages"}],"about":[{"href":"https:\/\/www.lettragemedia.com\/en\/wp-json\/wp\/v2\/types\/page"}],"author":[{"embeddable":true,"href":"https:\/\/www.lettragemedia.com\/en\/wp-json\/wp\/v2\/users\/4"}],"replies":[{"embeddable":true,"href":"https:\/\/www.lettragemedia.com\/en\/wp-json\/wp\/v2\/comments?post=8300"}],"version-history":[{"count":5,"href":"https:\/\/www.lettragemedia.com\/en\/wp-json\/wp\/v2\/pages\/8300\/revisions"}],"predecessor-version":[{"id":9068,"href":"https:\/\/www.lettragemedia.com\/en\/wp-json\/wp\/v2\/pages\/8300\/revisions\/9068"}],"wp:attachment":[{"href":"https:\/\/www.lettragemedia.com\/en\/wp-json\/wp\/v2\/media?parent=8300"}],"curies":[{"name":"wp","href":"https:\/\/api.w.org\/{rel}","templated":true}]}}