{"id":8297,"date":"2021-08-13T10:52:18","date_gmt":"2021-08-13T14:52:18","guid":{"rendered":"http:\/\/www.lettragemedia.com\/?page_id=8297"},"modified":"2021-08-25T15:26:31","modified_gmt":"2021-08-25T19:26:31","slug":"banderoles","status":"publish","type":"page","link":"https:\/\/www.lettragemedia.com\/en\/banderoles\/","title":{"rendered":"Banderoles"},"content":{"rendered":"<div id=\"fws_69e392d4188d3\"  data-column-margin=\"default\" data-midnight=\"dark\" data-top-percent=\"5%\" data-bottom-percent=\"5%\"  class=\"wpb_row vc_row-fluid vc_row full-width-section  vc_row-o-equal-height vc_row-flex\"  style=\"padding-top: calc(100vw * 0.05); padding-bottom: calc(100vw * 0.05); \"><div class=\"row-bg-wrap\" data-bg-animation=\"none\" data-bg-overlay=\"false\"><div class=\"inner-wrap\"><div class=\"row-bg\"  style=\"\"><\/div><\/div><\/div><div class=\"row_col_wrap_12 col span_12 dark left\">\n\t<div  class=\"vc_col-sm-6 wpb_column column_container vc_column_container col no-extra-padding inherit_tablet inherit_phone\"  data-padding-pos=\"all\" data-has-bg-color=\"false\" data-bg-color=\"\" data-bg-opacity=\"1\" data-animation=\"\" data-delay=\"0\" >\n\t\t<div class=\"vc_column-inner\" >\n\t\t\t<div class=\"wpb_wrapper\">\n\t\t\t\t<div id=\"fws_69e392d418d30\" data-midnight=\"\" data-column-margin=\"default\" class=\"wpb_row vc_row-fluid vc_row inner_row\"  style=\"\"><div class=\"row-bg-wrap\"> <div class=\"row-bg\" ><\/div> <\/div><div class=\"row_col_wrap_12_inner col span_12  left\">\n\t<div  class=\"vc_col-sm-12 wpb_column column_container vc_column_container col child_column has-animation no-extra-padding inherit_tablet inherit_phone\"   data-padding-pos=\"all\" data-has-bg-color=\"false\" data-bg-color=\"\" data-bg-opacity=\"1\" data-animation=\"fade-in-from-bottom\" data-delay=\"0\">\n\t\t<div class=\"vc_column-inner\" >\n\t\t<div class=\"wpb_wrapper\">\n\t\t\t<h2 style=\"color: #2b9690;text-align: left\" class=\"vc_custom_heading\" >Banderoles<\/h2><h3 style=\"text-align: left\" class=\"vc_custom_heading\" ><\/h3><div class=\"divider-wrap\" data-alignment=\"default\"><div style=\"height: 10px;\" class=\"divider\"><\/div><\/div>\r\n<div class=\"wpb_text_column wpb_content_element\" >\r\n\t<div class=\"wpb_wrapper\">\r\n\t\t<p>Pour une banderole ou une banni\u00e8re, de petit, moyen ou grand format et pour de petites ou grandes quantit\u00e9s, Lettrage MEDIA vous offre un vaste inventaire de design personnalis\u00e9s pour r\u00e9pondre \u00e0 vos besoins en marketing.<\/p>\n<p>Nous sommes en mesure de vous offrir une vari\u00e9t\u00e9 importante d\u2019options telles que des banni\u00e8res opaques ou perfor\u00e9es, banni\u00e8res pour l\u2019int\u00e9rieur ou l\u2019ext\u00e9rieur ainsi qu\u2019une vari\u00e9t\u00e9 impressionnante de mat\u00e9riaux adapt\u00e9s autant \u00e0 vos besoins qu\u2019\u00e0 votre budget.<\/p>\n<p>Bien-entendu et comme pour tous nos autres services, le design personnalis\u00e9 est notre marque de commerce.\u00a0Appelez-nous aujourd\u2019hui pour nous parler de votre projet !<\/p>\n\t<\/div>\r\n<\/div>\r\n\r\n\r\n\r\n<a class=\"nectar-button large regular extra-color-gradient-1 has-icon\"  style=\"margin-top: 20px; \"  href=\"http:\/\/www.lettragemedia.com\/en\/contact\/\" data-color-override=\"false\" data-hover-color-override=\"false\" data-hover-text-color-override=\"#fff\"><span class=\"start loading\">Contactez-nous!<i  class=\"icon-button-arrow\"><\/i><\/span><span class=\"hover\">Contactez-nous!<i  class=\"icon-button-arrow\"><\/i><\/span><\/a>\n\t\t<\/div> \n\t<\/div>\n\t<\/div> \n<\/div><\/div>\n\t\t\t<\/div> \n\t\t<\/div>\n\t<\/div> \n\n\t<div style=\"\" class=\"vc_col-sm-6 wpb_column column_container vc_column_container col padding-6-percent inherit_tablet inherit_phone\" data-using-bg=\"true\" data-bg-cover=\"true\" data-padding-pos=\"all\" data-has-bg-color=\"false\" data-bg-color=\"\" data-bg-opacity=\"1\" data-animation=\"\" data-delay=\"0\" >\n\t\t<div class=\"vc_column-inner\" ><div class=\"column-image-bg-wrap\" data-bg-pos=\"center center\" data-bg-animation=\"none\" data-bg-overlay=\"false\"><div class=\"inner-wrap\"><div class=\"column-image-bg\" style=\" background-image: url('https:\/\/www.lettragemedia.com\/wp-content\/uploads\/2021\/08\/IMG_6009-scaled.jpg'); \"><\/div><\/div><\/div>\n\t\t\t<div class=\"wpb_wrapper\">\n\t\t\t\t<div class=\"divider-wrap\" data-alignment=\"default\"><div style=\"height: 200px;\" class=\"divider\"><\/div><\/div>\n\t\t\t<\/div> \n\t\t<\/div>\n\t<\/div> \n<\/div><\/div>","protected":false},"excerpt":{"rendered":"Banderoles Pour une banderole ou une banni\u00e8re, de petit, moyen ou grand format et pour de petites ou grandes quantit\u00e9s, Lettrage MEDIA vous offre un vaste inventaire de design personnalis\u00e9s...","protected":false},"author":4,"featured_media":0,"parent":0,"menu_order":0,"comment_status":"closed","ping_status":"closed","template":"","meta":{"_seopress_robots_primary_cat":"","_seopress_titles_title":"","_seopress_titles_desc":"","_seopress_robots_index":"","footnotes":""},"class_list":["post-8297","page","type-page","status-publish"],"_links":{"self":[{"href":"https:\/\/www.lettragemedia.com\/en\/wp-json\/wp\/v2\/pages\/8297","targetHints":{"allow":["GET"]}}],"collection":[{"href":"https:\/\/www.lettragemedia.com\/en\/wp-json\/wp\/v2\/pages"}],"about":[{"href":"https:\/\/www.lettragemedia.com\/en\/wp-json\/wp\/v2\/types\/page"}],"author":[{"embeddable":true,"href":"https:\/\/www.lettragemedia.com\/en\/wp-json\/wp\/v2\/users\/4"}],"replies":[{"embeddable":true,"href":"https:\/\/www.lettragemedia.com\/en\/wp-json\/wp\/v2\/comments?post=8297"}],"version-history":[{"count":5,"href":"https:\/\/www.lettragemedia.com\/en\/wp-json\/wp\/v2\/pages\/8297\/revisions"}],"predecessor-version":[{"id":8777,"href":"https:\/\/www.lettragemedia.com\/en\/wp-json\/wp\/v2\/pages\/8297\/revisions\/8777"}],"wp:attachment":[{"href":"https:\/\/www.lettragemedia.com\/en\/wp-json\/wp\/v2\/media?parent=8297"}],"curies":[{"name":"wp","href":"https:\/\/api.w.org\/{rel}","templated":true}]}}