{"id":8312,"date":"2021-08-13T10:53:50","date_gmt":"2021-08-13T14:53:50","guid":{"rendered":"http:\/\/www.lettragemedia.com\/?page_id=8312"},"modified":"2021-08-16T12:08:11","modified_gmt":"2021-08-16T16:08:11","slug":"etapes-du-lettrage","status":"publish","type":"page","link":"http:\/\/www.lettragemedia.com\/en\/etapes-du-lettrage\/","title":{"rendered":"\u00c9tapes du lettrage"},"content":{"rendered":"<div id=\"fws_69e39361d3113\"  data-column-margin=\"default\" data-midnight=\"dark\" data-top-percent=\"5%\" data-bottom-percent=\"5%\"  class=\"wpb_row vc_row-fluid vc_row full-width-section  vc_row-o-equal-height vc_row-flex\"  style=\"padding-top: calc(100vw * 0.05); padding-bottom: calc(100vw * 0.05); \"><div class=\"row-bg-wrap\" data-bg-animation=\"none\" data-bg-overlay=\"false\"><div class=\"inner-wrap\"><div class=\"row-bg\"  style=\"\"><\/div><\/div><\/div><div class=\"row_col_wrap_12 col span_12 dark left\">\n\t<div  class=\"vc_col-sm-6 wpb_column column_container vc_column_container col no-extra-padding inherit_tablet inherit_phone\"  data-padding-pos=\"all\" data-has-bg-color=\"false\" data-bg-color=\"\" data-bg-opacity=\"1\" data-animation=\"\" data-delay=\"0\" >\n\t\t<div class=\"vc_column-inner\" >\n\t\t\t<div class=\"wpb_wrapper\">\n\t\t\t\t<div id=\"fws_69e39361d3601\" data-midnight=\"\" data-column-margin=\"default\" class=\"wpb_row vc_row-fluid vc_row inner_row\"  style=\"\"><div class=\"row-bg-wrap\"> <div class=\"row-bg\" ><\/div> <\/div><div class=\"row_col_wrap_12_inner col span_12  left\">\n\t<div  class=\"vc_col-sm-12 wpb_column column_container vc_column_container col child_column has-animation no-extra-padding inherit_tablet inherit_phone\"   data-padding-pos=\"all\" data-has-bg-color=\"false\" data-bg-color=\"\" data-bg-opacity=\"1\" data-animation=\"fade-in-from-bottom\" data-delay=\"0\">\n\t\t<div class=\"vc_column-inner\" >\n\t\t<div class=\"wpb_wrapper\">\n\t\t\t<h2 style=\"color: #2b9690;text-align: left\" class=\"vc_custom_heading\" >\u00c9tapes du lettrage<\/h2><h3 style=\"text-align: left\" class=\"vc_custom_heading\" >Lettrage MEDIA<\/h3><div class=\"divider-wrap\" data-alignment=\"default\"><div style=\"height: 10px;\" class=\"divider\"><\/div><\/div>\n\t\t<\/div> \n\t<\/div>\n\t<\/div> \n<\/div><\/div><div class=\"nectar-icon-list\" data-icon-color=\"default\" data-icon-style=\"border\" data-columns=\"3\" data-direction=\"vertical\" data-icon-size=\"small\" data-animate=\"\"><div class=\"nectar-icon-list-item\"><div class=\"list-icon-holder\" data-icon_type=\"numerical\"><span>1<\/span><\/div><div class=\"content\"><h4>Rencontre avec le client.<\/h4>\u00c9coute des besoins, du budget, des attentes, etc.<\/div><\/div><div class=\"nectar-icon-list-item\"><div class=\"list-icon-holder\" data-icon_type=\"numerical\"><span>2<\/span><\/div><div class=\"content\"><h4>Prise des dimensions<\/h4>de votre v\u00e9hicule, vitrines o\u00f9 quel que soit votre projet.<\/div><\/div><div class=\"nectar-icon-list-item\"><div class=\"list-icon-holder\" data-icon_type=\"numerical\"><span>3<\/span><\/div><div class=\"content\"><h4>\u00c9tablir un budget<\/h4><\/div><\/div><div class=\"nectar-icon-list-item\"><div class=\"list-icon-holder\" data-icon_type=\"numerical\"><span>4<\/span><\/div><div class=\"content\"><h4>Pr\u00e9sentation d\u2019un visuel<\/h4>pour votre projet pour approbation.<\/div><\/div><div class=\"nectar-icon-list-item\"><div class=\"list-icon-holder\" data-icon_type=\"numerical\"><span>5<\/span><\/div><div class=\"content\"><h4>Installation<\/h4><\/div><\/div><\/div><div class=\"divider-wrap\" data-alignment=\"default\"><div style=\"height: 10px;\" class=\"divider\"><\/div><\/div><a class=\"nectar-button large regular extra-color-gradient-1 has-icon\"  style=\"margin-top: 20px; \"  href=\"http:\/\/www.lettragemedia.com\/en\/contact\/\" data-color-override=\"false\" data-hover-color-override=\"false\" data-hover-text-color-override=\"#fff\"><span class=\"start loading\">Contactez-nous!<i  class=\"icon-button-arrow\"><\/i><\/span><span class=\"hover\">Contactez-nous!<i  class=\"icon-button-arrow\"><\/i><\/span><\/a>\n\t\t\t<\/div> \n\t\t<\/div>\n\t<\/div> \n\n\t<div style=\"\" class=\"vc_col-sm-6 wpb_column column_container vc_column_container col padding-6-percent inherit_tablet inherit_phone\" data-using-bg=\"true\" data-bg-cover=\"true\" data-padding-pos=\"all\" data-has-bg-color=\"false\" data-bg-color=\"\" data-bg-opacity=\"1\" data-animation=\"\" data-delay=\"0\" >\n\t\t<div class=\"vc_column-inner\" ><div class=\"column-image-bg-wrap\" data-bg-pos=\"center center\" data-bg-animation=\"none\" data-bg-overlay=\"false\"><div class=\"inner-wrap\"><div class=\"column-image-bg\" style=\" background-image: url('https:\/\/www.lettragemedia.com\/wp-content\/uploads\/2021\/08\/Pic-up-Commercial-Lettrage-media-3.jpeg'); \"><\/div><\/div><\/div>\n\t\t\t<div class=\"wpb_wrapper\">\n\t\t\t\t<div class=\"divider-wrap\" data-alignment=\"default\"><div style=\"height: 200px;\" class=\"divider\"><\/div><\/div>\n\t\t\t<\/div> \n\t\t<\/div>\n\t<\/div> \n<\/div><\/div>","protected":false},"excerpt":{"rendered":"\u00c9tapes du lettrageLettrage MEDIA 1Rencontre avec le client.\u00c9coute des besoins, du budget, des attentes, etc.2Prise des dimensionsde votre v\u00e9hicule, vitrines o\u00f9 quel que soit votre projet.3\u00c9tablir un budget4Pr\u00e9sentation d\u2019un visuelpour...","protected":false},"author":4,"featured_media":0,"parent":0,"menu_order":0,"comment_status":"closed","ping_status":"closed","template":"","meta":{"_seopress_robots_primary_cat":"","_seopress_titles_title":"","_seopress_titles_desc":"","_seopress_robots_index":"","footnotes":""},"class_list":["post-8312","page","type-page","status-publish"],"_links":{"self":[{"href":"http:\/\/www.lettragemedia.com\/en\/wp-json\/wp\/v2\/pages\/8312","targetHints":{"allow":["GET"]}}],"collection":[{"href":"http:\/\/www.lettragemedia.com\/en\/wp-json\/wp\/v2\/pages"}],"about":[{"href":"http:\/\/www.lettragemedia.com\/en\/wp-json\/wp\/v2\/types\/page"}],"author":[{"embeddable":true,"href":"http:\/\/www.lettragemedia.com\/en\/wp-json\/wp\/v2\/users\/4"}],"replies":[{"embeddable":true,"href":"http:\/\/www.lettragemedia.com\/en\/wp-json\/wp\/v2\/comments?post=8312"}],"version-history":[{"count":4,"href":"http:\/\/www.lettragemedia.com\/en\/wp-json\/wp\/v2\/pages\/8312\/revisions"}],"predecessor-version":[{"id":8662,"href":"http:\/\/www.lettragemedia.com\/en\/wp-json\/wp\/v2\/pages\/8312\/revisions\/8662"}],"wp:attachment":[{"href":"http:\/\/www.lettragemedia.com\/en\/wp-json\/wp\/v2\/media?parent=8312"}],"curies":[{"name":"wp","href":"https:\/\/api.w.org\/{rel}","templated":true}]}}